{"id":26,"date":"2026-03-06T10:45:38","date_gmt":"2026-03-06T10:45:38","guid":{"rendered":"http:\/\/zomdaxi.blog\/?page_id=26"},"modified":"2026-03-18T10:36:36","modified_gmt":"2026-03-18T10:36:36","slug":"contacto-info-y-reservas","status":"publish","type":"page","link":"https:\/\/zomdaxi.blog\/?page_id=26","title":{"rendered":"Centro de Operaciones Zomdaxi"},"content":{"rendered":"\n<p>Para coordinar su pr\u00f3ximo evento corporativo, celebraci\u00f3n de cumplea\u00f1os o entrenamiento t\u00e1ctico, Josefa Serna Andrada pone a su disposici\u00f3n los canales de enlace oficiales. Estamos ubicados en un entorno privilegiado de Murcia, ideal para desconectar y liberar adrenalina con total seguridad.<\/p>\n\n\n\n<p><strong>MATRIZ DE CONECTIVIDAD<\/strong><\/p>\n\n\n\n<ul class=\"wp-block-list\">\n<li><strong>Enlace de Gesti\u00f3n:<\/strong> <strong>connect@zomdaxi.blog<\/strong><\/li>\n\n\n\n<li><strong>Base Operativa:<\/strong> C. ORILLA DEL AZARBE 237E, CP 30149, El Raal, Murcia, Espa\u00f1a.<\/li>\n\n\n\n<li><strong>Responsable T\u00e9cnico:<\/strong> Josefa Serna Andrada (DNI 77516753Z)<\/li>\n\n\n\n<li><strong>Tel\u00e9fono de Reservas:<\/strong> +(34)\/236\/97\/52\/05<\/li>\n\n\n\n<li><strong>Identificador de Proyecto:<\/strong> zomdaxi<\/li>\n<\/ul>\n\n\n\n<p><strong>ASISTENCIA AL JUGADOR<\/strong> Si tiene dudas sobre el equipamiento necesario o la ubicaci\u00f3n exacta de nuestra base en la Orilla del Azarbe, puede enviarnos un mensaje. Atendemos consultas t\u00e9cnicas sobre el tipo de protecciones y el desarrollo de los guiones de juego personalizados. Josefa y el equipo de zomdaxi trabajan para que su experiencia en el campo sea impecable, desde la primera bola disparada hasta el an\u00e1lisis t\u00e1ctico final.<\/p>\n","protected":false},"excerpt":{"rendered":"<p>Para coordinar su pr\u00f3ximo evento corporativo, celebraci\u00f3n de cumplea\u00f1os o entrenamiento t\u00e1ctico, Josefa Serna Andrada pone a su disposici\u00f3n los canales de enlace oficiales. Estamos ubicados en un entorno privilegiado de Murcia, ideal para desconectar y liberar adrenalina con total seguridad. MATRIZ DE CONECTIVIDAD ASISTENCIA AL JUGADOR Si tiene dudas sobre el equipamiento necesario o [&hellip;]<\/p>\n","protected":false},"author":1,"featured_media":0,"parent":0,"menu_order":6,"comment_status":"closed","ping_status":"closed","template":"","meta":{"footnotes":""},"class_list":["post-26","page","type-page","status-publish","hentry"],"_links":{"self":[{"href":"https:\/\/zomdaxi.blog\/index.php?rest_route=\/wp\/v2\/pages\/26","targetHints":{"allow":["GET"]}}],"collection":[{"href":"https:\/\/zomdaxi.blog\/index.php?rest_route=\/wp\/v2\/pages"}],"about":[{"href":"https:\/\/zomdaxi.blog\/index.php?rest_route=\/wp\/v2\/types\/page"}],"author":[{"embeddable":true,"href":"https:\/\/zomdaxi.blog\/index.php?rest_route=\/wp\/v2\/users\/1"}],"replies":[{"embeddable":true,"href":"https:\/\/zomdaxi.blog\/index.php?rest_route=%2Fwp%2Fv2%2Fcomments&post=26"}],"version-history":[{"count":2,"href":"https:\/\/zomdaxi.blog\/index.php?rest_route=\/wp\/v2\/pages\/26\/revisions"}],"predecessor-version":[{"id":55,"href":"https:\/\/zomdaxi.blog\/index.php?rest_route=\/wp\/v2\/pages\/26\/revisions\/55"}],"wp:attachment":[{"href":"https:\/\/zomdaxi.blog\/index.php?rest_route=%2Fwp%2Fv2%2Fmedia&parent=26"}],"curies":[{"name":"wp","href":"https:\/\/api.w.org\/{rel}","templated":true}]}}